{"id":69,"date":"2025-01-01T13:40:53","date_gmt":"2025-01-01T13:40:53","guid":{"rendered":"https:\/\/sefikunsaltekstil.com.tr\/?page_id=69"},"modified":"2025-01-01T16:11:27","modified_gmt":"2025-01-01T16:11:27","slug":"69-2","status":"publish","type":"page","link":"https:\/\/sefikunsaltekstil.com.tr\/?page_id=69","title":{"rendered":"\u0130leti\u015fim"},"content":{"rendered":"<div id=\"pl-69\"  class=\"panel-layout\" ><div id=\"pg-69-0\"  class=\"panel-grid panel-no-style\" ><div id=\"pgc-69-0-0\"  class=\"panel-grid-cell\" ><div id=\"panel-69-0-0-0\" class=\"so-panel widget widget_sow-image panel-first-child panel-last-child\" data-index=\"0\" ><div\n\t\t\t\n\t\t\tclass=\"so-widget-sow-image so-widget-sow-image-default-113ccd71f3e6-69\"\n\t\t\t\n\t\t>\n<div class=\"sow-image-container\">\n\t\t<img loading=\"lazy\" decoding=\"async\" src=\"https:\/\/sefikunsaltekstil.com.tr\/wp-content\/uploads\/2025\/01\/contact2.png\" width=\"600\" height=\"225\" sizes=\"auto, (max-width: 600px) 100vw, 600px\" alt=\"\" \t\tclass=\"so-widget-image\"\/>\n\t<\/div>\n\n<\/div><\/div><\/div><\/div><div id=\"pg-69-1\"  class=\"panel-grid panel-no-style\" ><div id=\"pgc-69-1-0\"  class=\"panel-grid-cell\" ><div id=\"panel-69-1-0-0\" class=\"so-panel widget widget_sow-editor panel-first-child panel-last-child\" data-index=\"1\" ><div\n\t\t\t\n\t\t\tclass=\"so-widget-sow-editor so-widget-sow-editor-base\"\n\t\t\t\n\t\t>\n<div class=\"siteorigin-widget-tinymce textwidget\">\n\t<h3 style=\"text-align: center;\">\u015eefik \u00dcnsal Tekstil \u0130n\u015f. San ve Tic. Ltd. \u015eti.<\/h3>\n<\/div>\n<\/div><\/div><\/div><\/div><div id=\"pg-69-2\"  class=\"panel-grid panel-no-style\" ><div id=\"pgc-69-2-0\"  class=\"panel-grid-cell\" ><div id=\"panel-69-2-0-0\" class=\"so-panel widget widget_sow-editor panel-first-child panel-last-child\" data-index=\"2\" ><div\n\t\t\t\n\t\t\tclass=\"so-widget-sow-editor so-widget-sow-editor-base\"\n\t\t\t\n\t\t>\n<div class=\"siteorigin-widget-tinymce textwidget\">\n\t<p style=\"text-align: center;\"><a href=\"mailto:info@sefikunsaltekstil.com.tr\">info@sefikunsaltekstil.com.tr<\/a><\/p>\n<p>&nbsp;<\/p>\n<\/div>\n<\/div><\/div><\/div><\/div><div id=\"pg-69-3\"  class=\"panel-grid panel-no-style\" ><div id=\"pgc-69-3-0\"  class=\"panel-grid-cell\" ><div id=\"panel-69-3-0-0\" class=\"so-panel widget widget_sow-editor panel-first-child panel-last-child\" data-index=\"3\" ><div\n\t\t\t\n\t\t\tclass=\"so-widget-sow-editor so-widget-sow-editor-base\"\n\t\t\t\n\t\t>\n<div class=\"siteorigin-widget-tinymce textwidget\">\n\t<p style=\"text-align: center;\">\u0130kitelli Organize Sanayi B\u00f6lgesi, Eski Turgut \u00d6zal Caddesi Y\u00fcksel \u0130\u015f Merkezi No:16 Z01<br \/>\n34490<br \/>\nBa\u015fak\u015fehir\/\u0130stanbul<\/p>\n<\/div>\n<\/div><\/div><\/div><\/div><div id=\"pg-69-4\"  class=\"panel-grid panel-no-style\" ><div id=\"pgc-69-4-0\"  class=\"panel-grid-cell\" ><div id=\"panel-69-4-0-0\" class=\"so-panel widget widget_sow-editor panel-first-child panel-last-child\" data-index=\"4\" ><div\n\t\t\t\n\t\t\tclass=\"so-widget-sow-editor so-widget-sow-editor-base\"\n\t\t\t\n\t\t>\n<div class=\"siteorigin-widget-tinymce textwidget\">\n\t<h2 style=\"text-align: center;\">+90 212 671 46 86<\/h2>\n<\/div>\n<\/div><\/div><\/div><\/div><div id=\"pg-69-5\"  class=\"panel-grid panel-no-style\" ><div id=\"pgc-69-5-0\"  class=\"panel-grid-cell\" ><div id=\"panel-69-5-0-0\" class=\"widget_text so-panel widget widget_custom_html panel-first-child panel-last-child\" data-index=\"5\" ><h3 class=\"widget-title\">Harita<\/h3><div class=\"textwidget custom-html-widget\"><div style=\"position: relative; width: 100%; height: 60vh; margin: 0; overflow: hidden;\">\n    <iframe \n        src=\"https:\/\/www.google.com\/maps\/embed?pb=!1m18!1m12!1m3!1d528.0276627631551!2d28.812199820395204!3d41.07425104187219!2m3!1f0!2f0!3f0!3m2!1i1024!2i768!4f13.1!3m3!1m2!1s0x14caa511a35b28d5%3A0x67c5a6ea3d76c28!2zxZ5lZmlrIMOcbnNhbCBUZWtzdGls!5e1!3m2!1str!2str!4v1735747651116!5m2!1str!2str\" \n        style=\"position: absolute; top: 0; left: 0; width: 100%; height: 60%; border: 0;\" \n        allowfullscreen=\"\" \n        loading=\"lazy\" \n        referrerpolicy=\"no-referrer-when-downgrade\">\n    <\/iframe>\n<\/div>\n<\/div><\/div><\/div><\/div><div id=\"pg-69-6\"  class=\"panel-grid panel-no-style\" ><div id=\"pgc-69-6-0\"  class=\"panel-grid-cell\" ><div id=\"panel-69-6-0-0\" class=\"so-panel widget widget_sow-headline panel-first-child panel-last-child\" data-index=\"6\" ><div\n\t\t\t\n\t\t\tclass=\"so-widget-sow-headline so-widget-sow-headline-default-0a6b6868f0be-69\"\n\t\t\t\n\t\t><div class=\"sow-headline-container \">\n\t\t\t\t\t\t<div class=\"decoration\">\n\t\t\t\t\t\t<div class=\"decoration-inside\"><\/div>\n\t\t\t\t\t<\/div>\n\t\t\t\t\t<\/div>\n<\/div><\/div><\/div><\/div><\/div>","protected":false},"excerpt":{"rendered":"<p>\u015eefik \u00dcnsal Tekstil \u0130n\u015f. San ve Tic. Ltd. \u015eti.<\/p>\n","protected":false},"author":1,"featured_media":0,"parent":0,"menu_order":0,"comment_status":"closed","ping_status":"closed","template":"","meta":{"footnotes":""},"class_list":["post-69","page","type-page","status-publish","hentry"],"_links":{"self":[{"href":"https:\/\/sefikunsaltekstil.com.tr\/index.php?rest_route=\/wp\/v2\/pages\/69","targetHints":{"allow":["GET"]}}],"collection":[{"href":"https:\/\/sefikunsaltekstil.com.tr\/index.php?rest_route=\/wp\/v2\/pages"}],"about":[{"href":"https:\/\/sefikunsaltekstil.com.tr\/index.php?rest_route=\/wp\/v2\/types\/page"}],"author":[{"embeddable":true,"href":"https:\/\/sefikunsaltekstil.com.tr\/index.php?rest_route=\/wp\/v2\/users\/1"}],"replies":[{"embeddable":true,"href":"https:\/\/sefikunsaltekstil.com.tr\/index.php?rest_route=%2Fwp%2Fv2%2Fcomments&post=69"}],"version-history":[{"count":34,"href":"https:\/\/sefikunsaltekstil.com.tr\/index.php?rest_route=\/wp\/v2\/pages\/69\/revisions"}],"predecessor-version":[{"id":148,"href":"https:\/\/sefikunsaltekstil.com.tr\/index.php?rest_route=\/wp\/v2\/pages\/69\/revisions\/148"}],"wp:attachment":[{"href":"https:\/\/sefikunsaltekstil.com.tr\/index.php?rest_route=%2Fwp%2Fv2%2Fmedia&parent=69"}],"curies":[{"name":"wp","href":"https:\/\/api.w.org\/{rel}","templated":true}]}}