{"id":40,"date":"2025-01-01T13:27:58","date_gmt":"2025-01-01T13:27:58","guid":{"rendered":"https:\/\/sefikunsaltekstil.com.tr\/?page_id=40"},"modified":"2025-01-01T13:29:09","modified_gmt":"2025-01-01T13:29:09","slug":"40-2","status":"publish","type":"page","link":"https:\/\/sefikunsaltekstil.com.tr\/?page_id=40","title":{"rendered":"Hakk\u0131m\u0131zda"},"content":{"rendered":"<div id=\"pl-40\"  class=\"panel-layout\" ><div id=\"pg-40-0\"  class=\"panel-grid panel-no-style\" ><div id=\"pgc-40-0-0\"  class=\"panel-grid-cell\" ><div id=\"panel-40-0-0-0\" class=\"so-panel widget widget_sow-editor panel-first-child panel-last-child\" data-index=\"0\" ><div\n\t\t\t\n\t\t\tclass=\"so-widget-sow-editor so-widget-sow-editor-base\"\n\t\t\t\n\t\t>\n<div class=\"siteorigin-widget-tinymce textwidget\">\n\t<h4>Desenli, \u00d6rme ve Bask\u0131l\u0131 Kuma\u015f<\/h4>\n<p>&nbsp;<\/p>\n<p>M\u00dc\u015eTER\u0130 \u00d6NCEL\u0130\u011e\u0130M\u0130ZD\u0130R<br \/>\n\u2022 Mutluluklar\u0131n\u0131 her \u015feyden \u00fcst\u00fcn tuttu\u011fumuz, ihtiya\u00e7lar\u0131na \u00f6nem verdi\u011fimiz, en b\u00fcy\u00fck \u00f6nceli\u011fimiz m\u00fc\u015fterilerimiz ve t\u00fcketicilerimizdir.<br \/>\n\u2022 M\u00fc\u015fterimiz daima hakl\u0131d\u0131r.<br \/>\n\u2022 M\u00fc\u015fteriyle ili\u015fkilerimizde hem m\u00fc\u015fterimizin hem de \u015firketimizin hakk\u0131n\u0131 koruruz.<br \/>\nHEP BERABER BA\u015eARIRIZ<br \/>\n\u2022 Bireysel farkl\u0131l\u0131klara sayg\u0131 g\u00f6sterir, ayn\u0131 hedef i\u00e7in tek bir ekip olarak \u00e7al\u0131\u015f\u0131r\u0131z.<br \/>\n\u2022 Birbirimize dan\u0131\u015f\u0131r, birlikte \u00f6\u011frenir ve yeteneklerimizi geli\u015ftiririz.<br \/>\n\u2022 Hepimizin ba\u015far\u0131s\u0131 \u015firketimizin ba\u015far\u0131s\u0131d\u0131r.<br \/>\nSONUCA ODAKLIYIZ<br \/>\n\u2022 Vizyon ve misyonumuza hizmet eden zorlay\u0131c\u0131 hedefleri belirleriz.<br \/>\n\u2022 Sonuca ula\u015ft\u0131\u011f\u0131m\u0131z nokta; bizden beklenenin \u00fczerinde ve bir \u00f6ncekinden daha iyidir.<br \/>\n\u2022 Ba\u015farma azmimiz ve \u00e7al\u0131\u015fkanl\u0131\u011f\u0131m\u0131z ile yapt\u0131\u011f\u0131m\u0131z i\u015fe y\u00fcre\u011fimizi koyar, hedefledi\u011fimiz sonucu a\u015far\u0131z.<br \/>\n\u2022 Performans\u0131m\u0131z\u0131 hem kendi i\u00e7imizde hem de rakiplerimizle k\u0131yaslar, her defas\u0131nda daha iyisini hedefleriz.<br \/>\nG\u00dcC\u00dcM\u00dcZ\u00dc DE\u011e\u0130\u015e\u0130MDEN ALIRIZ<br \/>\n\u2022 De\u011fi\u015fim ve yenilikler kar\u015f\u0131s\u0131ndaki giri\u015fimci ruhumuzla, yeni fikirleri ara\u015ft\u0131r\u0131r, destekler ve uygular\u0131z.<br \/>\n\u2022 \u0130novasyon g\u00fcc\u00fcm\u00fcz\u00fc farkl\u0131 yetenek ve bilgiler ile \u015fekillendiririz.<br \/>\n\u2022 Pazardaki yeni f\u0131rsatlar\u0131 tespit eder ve de\u011fi\u015fime h\u0131zla uyum sa\u011flayarak hareket kabiliyetimizi art\u0131r\u0131r\u0131z.<br \/>\n\u2022 De\u011fi\u015fime \u00f6nc\u00fcl\u00fck eder; yeni pazarlar olu\u015fturur, trendleri belirleriz.<br \/>\n\u2022 Yeni ve farkl\u0131 fikirleri kucaklar\u0131z.<\/p>\n<\/div>\n<\/div><\/div><\/div><\/div><\/div>","protected":false},"excerpt":{"rendered":"<p>Desenli, \u00d6rme ve Bask\u0131l\u0131 Kuma\u015f &nbsp; M\u00dc\u015eTER\u0130 \u00d6NCEL\u0130\u011e\u0130M\u0130ZD\u0130R \u2022 Mutluluklar\u0131n\u0131 her \u015feyden \u00fcst\u00fcn tuttu\u011fumuz, ihtiya\u00e7lar\u0131na \u00f6nem verdi\u011fimiz, en b\u00fcy\u00fck \u00f6nceli\u011fimiz m\u00fc\u015fterilerimiz ve t\u00fcketicilerimizdir. \u2022 M\u00fc\u015fterimiz daima hakl\u0131d\u0131r. \u2022 M\u00fc\u015fteriyle ili\u015fkilerimizde hem m\u00fc\u015fterimizin hem de \u015firketimizin hakk\u0131n\u0131 koruruz. HEP BERABER BA\u015eARIRIZ \u2022 Bireysel farkl\u0131l\u0131klara sayg\u0131 g\u00f6sterir, ayn\u0131 hedef i\u00e7in tek bir ekip olarak \u00e7al\u0131\u015f\u0131r\u0131z. \u2022 Birbirimize [&hellip;]<\/p>\n","protected":false},"author":1,"featured_media":0,"parent":0,"menu_order":0,"comment_status":"closed","ping_status":"closed","template":"","meta":{"footnotes":""},"class_list":["post-40","page","type-page","status-publish","hentry"],"_links":{"self":[{"href":"https:\/\/sefikunsaltekstil.com.tr\/index.php?rest_route=\/wp\/v2\/pages\/40","targetHints":{"allow":["GET"]}}],"collection":[{"href":"https:\/\/sefikunsaltekstil.com.tr\/index.php?rest_route=\/wp\/v2\/pages"}],"about":[{"href":"https:\/\/sefikunsaltekstil.com.tr\/index.php?rest_route=\/wp\/v2\/types\/page"}],"author":[{"embeddable":true,"href":"https:\/\/sefikunsaltekstil.com.tr\/index.php?rest_route=\/wp\/v2\/users\/1"}],"replies":[{"embeddable":true,"href":"https:\/\/sefikunsaltekstil.com.tr\/index.php?rest_route=%2Fwp%2Fv2%2Fcomments&post=40"}],"version-history":[{"count":3,"href":"https:\/\/sefikunsaltekstil.com.tr\/index.php?rest_route=\/wp\/v2\/pages\/40\/revisions"}],"predecessor-version":[{"id":43,"href":"https:\/\/sefikunsaltekstil.com.tr\/index.php?rest_route=\/wp\/v2\/pages\/40\/revisions\/43"}],"wp:attachment":[{"href":"https:\/\/sefikunsaltekstil.com.tr\/index.php?rest_route=%2Fwp%2Fv2%2Fmedia&parent=40"}],"curies":[{"name":"wp","href":"https:\/\/api.w.org\/{rel}","templated":true}]}}